{"id":172,"date":"2026-01-18T14:50:17","date_gmt":"2026-01-18T14:50:17","guid":{"rendered":"https:\/\/ainolakustavi.fi\/?page_id=172"},"modified":"2026-01-24T18:16:49","modified_gmt":"2026-01-24T18:16:49","slug":"syomaan","status":"publish","type":"page","link":"https:\/\/ainolakustavi.fi\/?page_id=172","title":{"rendered":"Ravintola"},"content":{"rendered":"\n<div class=\"wp-block-group alignfull is-layout-flow wp-block-group-is-layout-flow\">\n<div class=\"wp-block-group alignfull has-global-padding is-layout-constrained wp-container-core-group-is-layout-7dc229c6 wp-block-group-is-layout-constrained\" style=\"padding-top:var(--wp--preset--spacing--superbspacing-xxlarge);padding-right:var(--wp--preset--spacing--superbspacing-small);padding-bottom:var(--wp--preset--spacing--superbspacing-xxlarge);padding-left:var(--wp--preset--spacing--superbspacing-small)\">\n<div class=\"wp-block-columns alignwide is-layout-flex wp-container-core-columns-is-layout-a001aa69 wp-block-columns-is-layout-flex\" style=\"margin-top:0;margin-bottom:0\">\n<div class=\"wp-block-column is-vertically-aligned-center is-layout-flow wp-container-core-column-is-layout-db2cb278 wp-block-column-is-layout-flow\">\n<h2 class=\"wp-block-heading has-text-align-left has-primary-color has-text-color has-superbfont-xxsmall-font-size\" style=\"font-style:normal;font-weight:700;letter-spacing:5px;text-transform:uppercase\">Ravintola<\/h2>\n\n\n\n<h3 class=\"wp-block-heading has-text-align-left has-superbfont-large-font-size\">N\u00e4hd\u00e4\u00e4n pian!<\/h3>\n\n\n\n<p class=\"has-text-align-left has-secondary-color has-text-color has-superbfont-medium-font-size\">Yhden voi tehd\u00e4 mieli kahvia ja herkullisia munkkeja, toinen voi haluta pizzan ja huurteisen, kolmannelle riitt\u00e4isi vain meid\u00e4n pieni salaattimme ja nelj\u00e4s ottaa ehk\u00e4 sittenkin sen uuden kana-annoksen\u2026 Ainolan monipuoliselta ja edulliselta listalta l\u00f6ytyy jotakin koko perheelle.<\/p>\n<\/div>\n\n\n\n<div class=\"wp-block-column is-vertically-aligned-center is-layout-flow wp-container-core-column-is-layout-40a2a7e8 wp-block-column-is-layout-flow\" style=\"padding-right:0;padding-bottom:0;padding-left:0\">\n<figure class=\"wp-block-image size-large has-custom-border\"><img loading=\"lazy\" decoding=\"async\" width=\"819\" height=\"1024\" src=\"https:\/\/ainolakustavi.fi\/wp-content\/uploads\/2026\/01\/Nimeton-malli-2-1-819x1024.jpg\" alt=\"\" class=\"wp-image-175\" style=\"border-radius:20px\" srcset=\"https:\/\/ainolakustavi.fi\/wp-content\/uploads\/2026\/01\/Nimeton-malli-2-1-819x1024.jpg 819w, https:\/\/ainolakustavi.fi\/wp-content\/uploads\/2026\/01\/Nimeton-malli-2-1-240x300.jpg 240w, https:\/\/ainolakustavi.fi\/wp-content\/uploads\/2026\/01\/Nimeton-malli-2-1-768x960.jpg 768w, https:\/\/ainolakustavi.fi\/wp-content\/uploads\/2026\/01\/Nimeton-malli-2-1.jpg 1080w\" sizes=\"auto, (max-width: 819px) 100vw, 819px\" \/><\/figure>\n<\/div>\n<\/div>\n\n\n\n<div class=\"wp-block-buttons is-layout-flex wp-block-buttons-is-layout-flex\">\n<div class=\"wp-block-button\"><a class=\"wp-block-button__link wp-element-button\">Katso menu<\/a><\/div>\n\n\n\n<div class=\"wp-block-button\"><a class=\"wp-block-button__link wp-element-button\" href=\"https:\/\/ainolakustavi.fi\/?page_id=61\">Varaa p\u00f6yt\u00e4<\/a><\/div>\n<\/div>\n<\/div>\n<\/div>\n","protected":false},"excerpt":{"rendered":"<p>Ravintola N\u00e4hd\u00e4\u00e4n pian! Yhden voi tehd\u00e4 mieli kahvia ja herkullisia munkkeja, toinen voi haluta pizzan ja huurteisen, kolmannelle riitt\u00e4isi vain meid\u00e4n pieni salaattimme ja nelj\u00e4s ottaa ehk\u00e4 sittenkin sen uuden kana-annoksen\u2026 Ainolan monipuoliselta ja edulliselta listalta l\u00f6ytyy jotakin koko perheelle.<\/p>\n","protected":false},"author":1,"featured_media":0,"parent":0,"menu_order":0,"comment_status":"closed","ping_status":"closed","template":"","meta":{"footnotes":""},"class_list":["post-172","page","type-page","status-publish","hentry"],"_links":{"self":[{"href":"https:\/\/ainolakustavi.fi\/index.php?rest_route=\/wp\/v2\/pages\/172","targetHints":{"allow":["GET"]}}],"collection":[{"href":"https:\/\/ainolakustavi.fi\/index.php?rest_route=\/wp\/v2\/pages"}],"about":[{"href":"https:\/\/ainolakustavi.fi\/index.php?rest_route=\/wp\/v2\/types\/page"}],"author":[{"embeddable":true,"href":"https:\/\/ainolakustavi.fi\/index.php?rest_route=\/wp\/v2\/users\/1"}],"replies":[{"embeddable":true,"href":"https:\/\/ainolakustavi.fi\/index.php?rest_route=%2Fwp%2Fv2%2Fcomments&post=172"}],"version-history":[{"count":6,"href":"https:\/\/ainolakustavi.fi\/index.php?rest_route=\/wp\/v2\/pages\/172\/revisions"}],"predecessor-version":[{"id":231,"href":"https:\/\/ainolakustavi.fi\/index.php?rest_route=\/wp\/v2\/pages\/172\/revisions\/231"}],"wp:attachment":[{"href":"https:\/\/ainolakustavi.fi\/index.php?rest_route=%2Fwp%2Fv2%2Fmedia&parent=172"}],"curies":[{"name":"wp","href":"https:\/\/api.w.org\/{rel}","templated":true}]}}