{"id":178,"date":"2026-01-18T14:52:42","date_gmt":"2026-01-18T14:52:42","guid":{"rendered":"https:\/\/ainolakustavi.fi\/?page_id=178"},"modified":"2026-01-18T16:14:56","modified_gmt":"2026-01-18T16:14:56","slug":"kahvila","status":"publish","type":"page","link":"https:\/\/ainolakustavi.fi\/?page_id=178","title":{"rendered":"Kahvila"},"content":{"rendered":"\n<p><\/p>\n\n\n\n<div class=\"wp-block-group alignfull is-layout-flow wp-block-group-is-layout-flow\">\n<div class=\"wp-block-group alignfull has-global-padding is-layout-constrained wp-container-core-group-is-layout-7dc229c6 wp-block-group-is-layout-constrained\" style=\"padding-top:var(--wp--preset--spacing--superbspacing-xxlarge);padding-right:var(--wp--preset--spacing--superbspacing-small);padding-bottom:var(--wp--preset--spacing--superbspacing-xxlarge);padding-left:var(--wp--preset--spacing--superbspacing-small)\">\n<div class=\"wp-block-columns alignwide is-layout-flex wp-container-core-columns-is-layout-a001aa69 wp-block-columns-is-layout-flex\" style=\"margin-top:0;margin-bottom:0\">\n<div class=\"wp-block-column is-vertically-aligned-center is-layout-flow wp-container-core-column-is-layout-db2cb278 wp-block-column-is-layout-flow\">\n<h2 class=\"wp-block-heading has-text-align-left has-primary-color has-text-color has-superbfont-xxsmall-font-size\" style=\"font-style:normal;font-weight:700;letter-spacing:5px;text-transform:uppercase\">kahvila<\/h2>\n\n\n\n<h3 class=\"wp-block-heading has-text-align-left has-superbfont-large-font-size\">Ihanan raikas kahvila<\/h3>\n\n\n\n<p class=\"has-text-align-left has-secondary-color has-text-color has-superbfont-medium-font-size\">Ainolan omalla reseptill\u00e4 leivotut ja joka aamu paistetut ihanat munkit, herkulliset kakut, suolaiset piirakat ja j\u00e4\u00e4tel\u00f6annokset &#8211; jokaiselle jotakin hyv\u00e4\u00e4!<br>Ainolassa on noin 40 asiakaspaikkaa sis\u00e4ll\u00e4. Isolla terassilla on reilusti lis\u00e4\u00e4 tilaa.<\/p>\n<\/div>\n\n\n\n<div class=\"wp-block-column is-vertically-aligned-center is-layout-flow wp-container-core-column-is-layout-40a2a7e8 wp-block-column-is-layout-flow\" style=\"padding-right:0;padding-bottom:0;padding-left:0\">\n<figure class=\"wp-block-image size-large has-custom-border\"><img loading=\"lazy\" decoding=\"async\" width=\"819\" height=\"1024\" src=\"https:\/\/ainolakustavi.fi\/wp-content\/uploads\/2025\/12\/Nimeton-malli-5-819x1024.jpg\" alt=\"\" class=\"wp-image-137\" style=\"border-radius:20px\" srcset=\"https:\/\/ainolakustavi.fi\/wp-content\/uploads\/2025\/12\/Nimeton-malli-5-819x1024.jpg 819w, https:\/\/ainolakustavi.fi\/wp-content\/uploads\/2025\/12\/Nimeton-malli-5-240x300.jpg 240w, https:\/\/ainolakustavi.fi\/wp-content\/uploads\/2025\/12\/Nimeton-malli-5-768x960.jpg 768w, https:\/\/ainolakustavi.fi\/wp-content\/uploads\/2025\/12\/Nimeton-malli-5.jpg 1080w\" sizes=\"auto, (max-width: 819px) 100vw, 819px\" \/><\/figure>\n<\/div>\n<\/div>\n\n\n\n<div class=\"wp-block-buttons is-layout-flex wp-container-core-buttons-is-layout-9bedd9bf wp-block-buttons-is-layout-flex\"><\/div>\n<\/div>\n<\/div>\n","protected":false},"excerpt":{"rendered":"<p>kahvila Ihanan raikas kahvila Ainolan omalla reseptill\u00e4 leivotut ja joka aamu paistetut ihanat munkit, herkulliset kakut, suolaiset piirakat ja j\u00e4\u00e4tel\u00f6annokset &#8211; jokaiselle jotakin hyv\u00e4\u00e4!Ainolassa on noin 40 asiakaspaikkaa sis\u00e4ll\u00e4. Isolla terassilla on reilusti lis\u00e4\u00e4 tilaa.<\/p>\n","protected":false},"author":1,"featured_media":0,"parent":0,"menu_order":0,"comment_status":"closed","ping_status":"closed","template":"","meta":{"footnotes":""},"class_list":["post-178","page","type-page","status-publish","hentry"],"_links":{"self":[{"href":"https:\/\/ainolakustavi.fi\/index.php?rest_route=\/wp\/v2\/pages\/178","targetHints":{"allow":["GET"]}}],"collection":[{"href":"https:\/\/ainolakustavi.fi\/index.php?rest_route=\/wp\/v2\/pages"}],"about":[{"href":"https:\/\/ainolakustavi.fi\/index.php?rest_route=\/wp\/v2\/types\/page"}],"author":[{"embeddable":true,"href":"https:\/\/ainolakustavi.fi\/index.php?rest_route=\/wp\/v2\/users\/1"}],"replies":[{"embeddable":true,"href":"https:\/\/ainolakustavi.fi\/index.php?rest_route=%2Fwp%2Fv2%2Fcomments&post=178"}],"version-history":[{"count":8,"href":"https:\/\/ainolakustavi.fi\/index.php?rest_route=\/wp\/v2\/pages\/178\/revisions"}],"predecessor-version":[{"id":207,"href":"https:\/\/ainolakustavi.fi\/index.php?rest_route=\/wp\/v2\/pages\/178\/revisions\/207"}],"wp:attachment":[{"href":"https:\/\/ainolakustavi.fi\/index.php?rest_route=%2Fwp%2Fv2%2Fmedia&parent=178"}],"curies":[{"name":"wp","href":"https:\/\/api.w.org\/{rel}","templated":true}]}}